{"id":28,"date":"2018-12-08T17:51:13","date_gmt":"2018-12-08T22:51:13","guid":{"rendered":"http:\/\/fundacionluvo.org\/?page_id=28"},"modified":"2018-12-08T17:51:13","modified_gmt":"2018-12-08T22:51:13","slug":"publicaciones","status":"publish","type":"page","link":"https:\/\/fundacionluvo.org\/?page_id=28","title":{"rendered":"Publicaciones"},"content":{"rendered":"\n<p class=\"has-text-align-justify\">Parte de la misi\u00f3n de nuestra colectiva es proponer contenidos medi\u00e1ticos feministas y antirracistas. Estas acciones reafirman nuestro compromiso en producir, colectivamente, acciones y contenidos que contribuyen al desmantelamiento de los sistemas opresivos y que aboguen para la justicia de g\u00e9nero en pa\u00edses donde las feministas est\u00e1n enfrentando cada vez m\u00e1s un retroceso de sus derechos.<\/p>\n\n\n\n<figure class=\"wp-block-image size-large\"><img decoding=\"async\" src=\"https:\/\/fundacionluvo.org\/wp-content\/uploads\/2022\/04\/minimalist-elegant-minimal-travel-twitter-header.png?w=1024\" alt=\"\" class=\"wp-image-1522\" \/><figcaption><a href=\"https:\/\/fundacionluvo.org\/publicaciones\/revista-luvo\/\">Enlace para acceder a la <em>Revista L\u00fcvo<\/em> Vol. 9 n\u00b01 &#8211; 2022<\/a><\/figcaption><\/figure>\n\n\n\n<h2 class=\"wp-block-heading\" id=\"revista-luvo\"><span style=\"color:#000000;\"><a style=\"color:#000000;\" href=\"http:\/\/fundacionluvo.org\/publicaciones\/revista-luvo\/\">Revista L\u00fcvo<\/a><\/span><\/h2>\n\n\n\n<p class=\"has-text-align-justify\">Guardando en mente la transformaci\u00f3n constante, la <em><strong>Revista L\u00fcvo<\/strong> <\/em>es una publicaci\u00f3n semestral que contin\u00faa el trabajo iniciado por la <em>Revista Descontamina<\/em>. Su objetivo es publicar art\u00edculos cortos, poemas, obras de arte y fotograf\u00edas que reivindican otras formas de penser, ver y sentir la pol\u00edtica y la pedagog\u00eda. Particularmente, la Revista L\u00fcvo est\u00e1 interesada en las luchas feministas y antirracistas as\u00ed como con los afectos y las corporalidades en las militancias cotidianas. Los n\u00fameros se publican cada seis meses y se reciben propuestas durante todo el a\u00f1o. ISSN: 2665-2005<\/p>\n\n\n\n<hr class=\"wp-block-separator has-css-opacity\" \/>\n\n\n\n<h3 class=\"wp-block-heading\" id=\"policy-briefs\"><span style=\"color:#000000;\"><a style=\"color:#000000;\" href=\"http:\/\/fundacionluvo.org\/publicaciones\/policy-briefs\/\">Policy Briefs<\/a><\/span><\/h3>\n\n\n\n<p>El actual Policy Brief es un documento corto que analiza la situaci\u00f3n actual de la Covid-19 desde una perspectiva feminista y descolonial y propone algunas recomendaciones para las pol\u00edticas p\u00fablicas<\/p>\n\n\n\n<hr class=\"wp-block-separator has-css-opacity\" \/>\n\n\n\n<h3 class=\"wp-block-heading\" id=\"articulos-de-divulgacion\"><span style=\"color:#000000;\"><a style=\"color:#000000;\" href=\"http:\/\/fundacionluvo.org\/publicaciones\/articulos-de-divulgacion\/\">Art\u00edculos de divulgaci\u00f3n<\/a><\/span><\/h3>\n\n\n\n<p class=\"has-text-align-justify\">Nuestras investigadoras est\u00e1n en diversos medios de comunicaci\u00f3n, tomando parte activa de los debates pol\u00edticos actuales en plataforma como <em><a href=\"https:\/\/theconversation.com\/les-femmes-musulmanes-selevent-contre-le-nationalisme-hindou-en-inde-133114\">La Conversation<\/a><\/em>, <em><a href=\"http:\/\/opiniojuris.org\/2021\/01\/15\/an-intersectional-approach-to-colombian-transitional-justice-and-covid-19\/\">Opinio Juris<\/a><\/em> ou encore, <em><a href=\"https:\/\/www.ledevoir.com\/opinion\/idees\/532340\/la-guerre-se-reinstalle-en-colombie\">Le Devoir<\/a><\/em>. Si est\u00e1s buscando una experta en temas relacionados con feminismos y antirracismos, no dudes en contactarnos al siguiente correo: <a href=\"mailto:info@fundacionluvo.org\">info@fundacionluvo.org<\/a> y te recomendaremos una persona.  <\/p>\n\n\n\n<hr class=\"wp-block-separator has-css-opacity\" \/>\n\n\n\n<h3 class=\"wp-block-heading\" id=\"articulos-cientificos\"><span style=\"color:#000000;\"><a style=\"color:#000000;\" href=\"http:\/\/fundacionluvo.org\/publicaciones\/articulos-cientificos\/\">Art\u00edculos cient\u00edficos<\/a><\/span><\/h3>\n\n\n\n<p class=\"has-text-align-justify\">Nuestras investigadoras publican en revistas internacionalmente reconocidas. Puedes <a href=\"https:\/\/fundacionluvo.org\/publicaciones\/articulos-cientificos\/\">consultar aqu\u00ed<\/a> sus contribuciones acad\u00e9micas.  <\/p>\n\n\n\n<hr class=\"wp-block-separator has-css-opacity\" \/>\n\n\n\n<h3 class=\"wp-block-heading\" id=\"capitulos-y-libros\"><span style=\"color:#000000;\"><a style=\"color:#000000;\" href=\"http:\/\/fundacionluvo.org\/publicaciones\/libros\/\">Cap\u00edtulos y Libros<\/a><\/span><\/h3>\n\n\n\n<p class=\"has-text-align-justify\">Nuestras investigadoras han publicado varios cap\u00edtulos de libro en editoriales tales como Routledge, Edwar Elgar o Palgrave Macmillan. Pueden <a href=\"https:\/\/fundacionluvo.org\/publicaciones\/libros\/\">consultar aqu\u00ed<\/a> la lista de los cap\u00edtulos.<\/p>\n","protected":false},"excerpt":{"rendered":"<p>Parte de la misi\u00f3n de nuestra colectiva es proponer contenidos medi\u00e1ticos feministas y&#8230;<\/p>\n","protected":false},"author":2,"featured_media":514,"parent":0,"menu_order":0,"comment_status":"closed","ping_status":"closed","template":"","meta":{"footnotes":""},"class_list":["post-28","page","type-page","status-publish","has-post-thumbnail","hentry"],"_links":{"self":[{"href":"https:\/\/fundacionluvo.org\/index.php?rest_route=\/wp\/v2\/pages\/28","targetHints":{"allow":["GET"]}}],"collection":[{"href":"https:\/\/fundacionluvo.org\/index.php?rest_route=\/wp\/v2\/pages"}],"about":[{"href":"https:\/\/fundacionluvo.org\/index.php?rest_route=\/wp\/v2\/types\/page"}],"author":[{"embeddable":true,"href":"https:\/\/fundacionluvo.org\/index.php?rest_route=\/wp\/v2\/users\/2"}],"replies":[{"embeddable":true,"href":"https:\/\/fundacionluvo.org\/index.php?rest_route=%2Fwp%2Fv2%2Fcomments&post=28"}],"version-history":[{"count":0,"href":"https:\/\/fundacionluvo.org\/index.php?rest_route=\/wp\/v2\/pages\/28\/revisions"}],"wp:featuredmedia":[{"embeddable":true,"href":"https:\/\/fundacionluvo.org\/index.php?rest_route=\/wp\/v2\/media\/514"}],"wp:attachment":[{"href":"https:\/\/fundacionluvo.org\/index.php?rest_route=%2Fwp%2Fv2%2Fmedia&parent=28"}],"curies":[{"name":"wp","href":"https:\/\/api.w.org\/{rel}","templated":true}]}}