{"id":38,"date":"2018-12-08T18:04:50","date_gmt":"2018-12-08T23:04:50","guid":{"rendered":"https:\/\/fundacionluvo.wordpress.com\/?page_id=38"},"modified":"2018-12-08T18:04:50","modified_gmt":"2018-12-08T23:04:50","slug":"hacemos","status":"publish","type":"page","link":"https:\/\/fundacionluvo.org\/?page_id=38","title":{"rendered":"Hacemos"},"content":{"rendered":"\n<ul class=\"wp-block-list\"><li style=\"text-align:justify;\">Creaci\u00f3n de contenidos pol\u00edticos, sociales y culturales, orientados a la promoci\u00f3n de los derechos humanos.<\/li><li style=\"text-align:justify;\">Ejecuci\u00f3n de proyectos comunitarios, acad\u00e9micos y empresariales, que busquen fomentar el desarrollo social desde la noviolencia y la equidad de g\u00e9nero.<\/li><li style=\"text-align:justify;\">Evaluaci\u00f3n de proyectos y programas sociales y culturales.<\/li><li style=\"text-align:justify;\">Formulaci\u00f3n de iniciativas pedag\u00f3gicas alternativas y decoloniales que contribuyan al fortalecimiento de la cultura pol\u00edtica en diferentes \u00e1mbitos.<\/li><li style=\"text-align:justify;\">Conducci\u00f3n de iniciativas orientadas a acompa\u00f1ar empresas en sus misiones y visiones, con perspectiva de noviolencia y equidad de g\u00e9nero.<\/li><\/ul>\n","protected":false},"excerpt":{"rendered":"<p>Creaci\u00f3n de contenidos pol\u00edticos, sociales y culturales, orientados a la promoci\u00f3n de los&#8230;<\/p>\n","protected":false},"author":2,"featured_media":0,"parent":0,"menu_order":0,"comment_status":"closed","ping_status":"closed","template":"","meta":{"footnotes":""},"class_list":["post-38","page","type-page","status-publish","hentry"],"_links":{"self":[{"href":"https:\/\/fundacionluvo.org\/index.php?rest_route=\/wp\/v2\/pages\/38","targetHints":{"allow":["GET"]}}],"collection":[{"href":"https:\/\/fundacionluvo.org\/index.php?rest_route=\/wp\/v2\/pages"}],"about":[{"href":"https:\/\/fundacionluvo.org\/index.php?rest_route=\/wp\/v2\/types\/page"}],"author":[{"embeddable":true,"href":"https:\/\/fundacionluvo.org\/index.php?rest_route=\/wp\/v2\/users\/2"}],"replies":[{"embeddable":true,"href":"https:\/\/fundacionluvo.org\/index.php?rest_route=%2Fwp%2Fv2%2Fcomments&post=38"}],"version-history":[{"count":0,"href":"https:\/\/fundacionluvo.org\/index.php?rest_route=\/wp\/v2\/pages\/38\/revisions"}],"wp:attachment":[{"href":"https:\/\/fundacionluvo.org\/index.php?rest_route=%2Fwp%2Fv2%2Fmedia&parent=38"}],"curies":[{"name":"wp","href":"https:\/\/api.w.org\/{rel}","templated":true}]}}