{"id":472,"date":"2018-11-05T00:51:31","date_gmt":"2018-11-04T23:51:31","guid":{"rendered":"https:\/\/fundacionluvo.wordpress.com\/?page_id=2"},"modified":"2018-11-05T00:51:31","modified_gmt":"2018-11-04T23:51:31","slug":"somos","status":"publish","type":"page","link":"https:\/\/fundacionluvo.org\/?page_id=472","title":{"rendered":"Somos"},"content":{"rendered":"\n<p class=\"has-text-align-justify\">Somos una colectiva que propone proyectos, alianzas y contenidos feministas e antirracistas con el fin de proponer nuevas miradas pedag\u00f3gicas y pol\u00edticas para transformar nuestras relaciones hacia la noviolencia activa.<\/p>\n\n\n\n<p class=\"has-text-align-justify\"><strong>La colectiva<\/strong><\/p>\n\n\n\n<p class=\"has-text-align-justify\">Durante 6 a\u00f1os, tres mujeres de la colectiva \u00e9ramos parte de la Corporaci\u00f3n Descontamina (Colombia), trabajando en temas relacionados con construcci\u00f3n de paz y acciones noviolentas. A finales del 2018, d\u00e1ndonos cuenta de que faltaba una pieza fundamental a nuestro trabajo para la construcci\u00f3n de relaciones noviolentas y el apoyo a grupos hist\u00f3ricamente marginalizados, nos hemos pensado una colectiva feminista y antirracista gestionada por mujeres qui\u00e9nes laboran voluntariamente en ella. <\/p>\n\n\n\n<p class=\"has-text-align-justify\">Hoy, la Fundaci\u00f3n L\u00fcvo es una organizaci\u00f3n sin \u00e1nimo de lucro compuesta por mujeres colombianas, canadienses y brasile\u00f1as cuya misi\u00f3n es proponer proyectos feministas y antirracistas a trav\u00e9s de otras formas de pedagog\u00edas y de hacer la pol\u00edtica. Haciendo una articulaci\u00f3n entre la academia y las comunidades y trabajando directamente con las lideresas y otras organizaciones locales, nos pensamos proyectos locales desde una postura anti-opresiva a trav\u00e9s de las pedagog\u00edas alternativas y descoloniales, las artes y la creaci\u00f3n de contenidos multimedia. Mayoritariamente, nuestras acciones se basan en la regi\u00f3n del nororiente de Colombia, donde las mujeres se organizan para luchar contra el conflicto armado interno, los impactos diferenciados de la migraci\u00f3n y las estructuras violentas que perpet\u00faan las desigualdades de g\u00e9nero. Sin embargo, durante todo el a\u00f1o 2020, nuestras acciones se han ampliado, forjando alianzas transnacionales con colectivas de mujeres y feministas en Canad\u00e1, India y Brasil.<\/p>\n\n\n\n<p><strong>Enfoque<\/strong><\/p>\n\n\n\n<p class=\"has-text-align-justify\">Nuestro enfoque te\u00f3rico y pr\u00e1ctico es interseccional y descolonial desde el inicio de la colectiva, teniendo como s\u00edmbolo el elefante, no-binario y qui\u00e9n nos erige como colectiva que le da importancia vital a las emociones y las corporalidades en su pr\u00e1ctica pedag\u00f3gica. Por las mujeres involucradas en nuestra colectiva, hemos orientado nuestras acciones principalmente en Colombia, Canad\u00e1 y Brasil, haciendo de la posicionalidad feminista transfronteriza y multiling\u00fce un eje central de L\u00fcvo. Para nosotras, el cambio social pasa inevitablemente por estas alianzas feministas desde nuestras corpogeograf\u00edas y as\u00ed, todas nuestras estrategias se piensan desde un enfoque que busca una praxis pedag\u00f3gica reflexiva y descolonial.<\/p>\n\n\n<p><\/p>","protected":false},"excerpt":{"rendered":"<p>Somos una colectiva que propone proyectos, alianzas y contenidos feministas e antirracistas con&#8230;<\/p>\n","protected":false},"author":2,"featured_media":0,"parent":0,"menu_order":1,"comment_status":"closed","ping_status":"closed","template":"","meta":{"footnotes":""},"class_list":["post-472","page","type-page","status-publish","hentry"],"_links":{"self":[{"href":"https:\/\/fundacionluvo.org\/index.php?rest_route=\/wp\/v2\/pages\/472","targetHints":{"allow":["GET"]}}],"collection":[{"href":"https:\/\/fundacionluvo.org\/index.php?rest_route=\/wp\/v2\/pages"}],"about":[{"href":"https:\/\/fundacionluvo.org\/index.php?rest_route=\/wp\/v2\/types\/page"}],"author":[{"embeddable":true,"href":"https:\/\/fundacionluvo.org\/index.php?rest_route=\/wp\/v2\/users\/2"}],"replies":[{"embeddable":true,"href":"https:\/\/fundacionluvo.org\/index.php?rest_route=%2Fwp%2Fv2%2Fcomments&post=472"}],"version-history":[{"count":0,"href":"https:\/\/fundacionluvo.org\/index.php?rest_route=\/wp\/v2\/pages\/472\/revisions"}],"wp:attachment":[{"href":"https:\/\/fundacionluvo.org\/index.php?rest_route=%2Fwp%2Fv2%2Fmedia&parent=472"}],"curies":[{"name":"wp","href":"https:\/\/api.w.org\/{rel}","templated":true}]}}