{"id":5,"date":"2018-11-05T00:51:28","date_gmt":"2018-11-04T23:51:28","guid":{"rendered":"https:\/\/fundacionluvo.wordpress.com\/?page_id=5"},"modified":"2026-02-10T10:34:16","modified_gmt":"2026-02-10T10:34:16","slug":"accueil","status":"publish","type":"page","link":"https:\/\/fundacionluvo.org\/","title":{"rendered":"Somos"},"content":{"rendered":"\n<p class=\"has-text-align-justify\">La Fundaci\u00f3n L\u00fcvo es una colectiva translocal cuya misi\u00f3n es proponer proyectos feministas y antirracistas a trav\u00e9s de otras formas de pedagog\u00edas y de hacer la pol\u00edtica. Haciendo una articulaci\u00f3n entre la academia, las comunidades y organizaciones locales, nos pensamos proyectos sociales desde una postura anti-opresiva a trav\u00e9s de las pedagog\u00edas alternativas y descoloniales, las artes y la creaci\u00f3n de contenidos multimedia.<\/p>\n\n\n\n<hr class=\"wp-block-separator has-text-color has-cyan-bluish-gray-color has-alpha-channel-opacity has-cyan-bluish-gray-background-color has-background is-style-dots\"\/>\n\n\n\n<h2 class=\"wp-block-heading\" id=\"noticias\">Noticias<\/h2>\n\n\n\n<p><strong>&#x1f941; Call for Papers: The Future is Abolitionist \u2013 Some Feminist Ideas &#x270a;&#x1f3fe;<\/strong><\/p>\n\n\n<div class=\"wp-block-image\">\n<figure class=\"alignleft size-large is-resized\"><img loading=\"lazy\" decoding=\"async\" width=\"819\" height=\"1024\" src=\"https:\/\/fundacionluvo.org\/wp-content\/uploads\/2026\/02\/Call-for-papers-RevistaLuvo-Vol.-13-No.-1-819x1024.png\" alt=\"\" class=\"wp-image-1727\" style=\"aspect-ratio:0.7998088692040505;width:312px;height:auto\" srcset=\"https:\/\/fundacionluvo.org\/wp-content\/uploads\/2026\/02\/Call-for-papers-RevistaLuvo-Vol.-13-No.-1-819x1024.png 819w, https:\/\/fundacionluvo.org\/wp-content\/uploads\/2026\/02\/Call-for-papers-RevistaLuvo-Vol.-13-No.-1-240x300.png 240w, https:\/\/fundacionluvo.org\/wp-content\/uploads\/2026\/02\/Call-for-papers-RevistaLuvo-Vol.-13-No.-1-768x960.png 768w, https:\/\/fundacionluvo.org\/wp-content\/uploads\/2026\/02\/Call-for-papers-RevistaLuvo-Vol.-13-No.-1-800x1000.png 800w, https:\/\/fundacionluvo.org\/wp-content\/uploads\/2026\/02\/Call-for-papers-RevistaLuvo-Vol.-13-No.-1-1000x1250.png 1000w, https:\/\/fundacionluvo.org\/wp-content\/uploads\/2026\/02\/Call-for-papers-RevistaLuvo-Vol.-13-No.-1.png 1080w\" sizes=\"auto, (max-width: 819px) 100vw, 819px\" \/><\/figure>\n<\/div>\n\n\n<p><strong><em>How can we imagine and build a world that is not grounded in domination, punishment, and state violence?<\/em><\/strong><\/p>\n\n\n\n<p><strong>CALL FOR PAPERS ~<\/strong><br>&#x26d3;&#xfe0f;&#x200d;&#x1f4a5;<strong>&#x270a;&#x1f3fe;<\/strong> <a href=\"https:\/\/www.calameo.com\/books\/004813059c653a6e10c86\">Revista L\u00fcvo<\/a> invites contributions exploring abolitionism from radical, anticapitalist, antiracist, decolonial, and queer feminist perspective in its many forms: policing, prisons, carceral systems, borders, and other oppressive or disciplinary structures.<br><br><strong>LLAMADO A CONTRIBUTIONS ~<\/strong><br>&#x26d3;&#xfe0f;&#x200d;&#x1f4a5;<strong>&#x270a;&#x1f3fe;<\/strong>La <a href=\"https:\/\/www.calameo.com\/books\/004813059c653a6e10c86\">Revista L\u00fcvo<\/a> invita a enviar contribuciones que exploren el abolicionismo desde una perspectiva radical, anticapitalista, antirracista, descolonial y feminista queer en sus m\u00faltiples formas: polic\u00eda, prisiones, sistemas carcelarios, fronteras y otras estructuras opresivas o disciplinarias.<br><strong><br>CHAMADA PARA CONTRIBU\u00c7\u00d5ES ~<\/strong><br>&#x26d3;&#xfe0f;&#x200d;&#x1f4a5;<strong>&#x270a;&#x1f3fe;<\/strong> A <a href=\"https:\/\/www.calameo.com\/books\/004813059c653a6e10c86\">Revista L\u00fcvo<\/a> convida contribui\u00e7\u00f5es que explorem o abolicionismo a partir de uma perspectiva radical, anticapitalista, antirracista, decolonial e feminista queer em suas diversas formas: policiamento, pris\u00f5es, sistemas carcer\u00e1rios, fronteiras e outras estruturas opressivas ou disciplinares.<\/p>\n\n\n\n<p><strong>APPEL DE TEXTES ~<\/strong><br>&#x26d3;&#xfe0f;&#x200d;&#x1f4a5;<strong>&#x270a;&#x1f3fe;<\/strong> La <a href=\"https:\/\/www.calameo.com\/books\/004813059c653a6e10c86\">Revsita L\u00fcvo<\/a> vous invite \u00e0 soumettre des contributions explorant l&#8217;abolitionnisme sous ses multiples formes &#8211; police, prisons, syst\u00e8mes carc\u00e9raux, fronti\u00e8res et autres structures oppressives ou disciplinaires &#8211; dans une perspective radicale, anticapitaliste, antiraciste, d\u00e9coloniale et f\u00e9ministe queer.<\/p>\n\n\n\n<p><strong>BANDO PER PUBBLICAZIONI ~<\/strong><br>&#x26d3;&#xfe0f;&#x200d;&#x1f4a5;<strong>&#x270a;&#x1f3fe;<\/strong> La <a href=\"https:\/\/www.calameo.com\/books\/004813059c653a6e10c86\">Revsita L\u00fcvo<\/a> invita a inviare contributi che esplorino l&#8217;abolizionismo da una prospettiva radicale, anticapitalista, antirazzista, decoloniale e femminista queer nelle sue molteplici forme: polizia, carceri, sistemi carcerari, confini e altre strutture oppressive o disciplinari.<br><br><strong>~~~<\/strong><br><br>&#x270d; Formats: Reflective and research articles, artistic works, poetry, short stories, comics, drawings, illustrations, photographs.<br><br>&#x1f4ac; Languages: English, French, Italian, Spanish, Portuguese, Farsi<br><br>&#x1f4e9; Send your contributions to: <a href=\"mailto:info@fundacionluvo.org\">info@fundacionluvo.org<\/a><\/p>\n\n\n\n<hr class=\"wp-block-separator has-alpha-channel-opacity is-style-dots\"\/>\n\n\n\n<p><strong>CONSENTIMIENTO ~ CONSENT ~ CONSENTEMENT<\/strong><\/p>\n\n\n\n<figure class=\"wp-block-image size-large\"><a href=\"https:\/\/www.calameo.com\/books\/0048130595a815530ebdc\"><img loading=\"lazy\" decoding=\"async\" width=\"1024\" height=\"341\" src=\"https:\/\/fundacionluvo.org\/wp-content\/uploads\/2024\/02\/Portadas-Twitter-1024x341.png\" alt=\"\" class=\"wp-image-1673\" srcset=\"https:\/\/fundacionluvo.org\/wp-content\/uploads\/2024\/02\/Portadas-Twitter-1024x341.png 1024w, https:\/\/fundacionluvo.org\/wp-content\/uploads\/2024\/02\/Portadas-Twitter-300x100.png 300w, https:\/\/fundacionluvo.org\/wp-content\/uploads\/2024\/02\/Portadas-Twitter-768x256.png 768w, https:\/\/fundacionluvo.org\/wp-content\/uploads\/2024\/02\/Portadas-Twitter-800x267.png 800w, https:\/\/fundacionluvo.org\/wp-content\/uploads\/2024\/02\/Portadas-Twitter-1000x333.png 1000w, https:\/\/fundacionluvo.org\/wp-content\/uploads\/2024\/02\/Portadas-Twitter.png 1500w\" sizes=\"auto, (max-width: 1024px) 100vw, 1024px\" \/><\/a><figcaption class=\"wp-element-caption\">Image: Jaguatirika <a href=\"https:\/\/www.instagram.com\/abyayalese\/\">@Abyayalese<\/a><\/figcaption><\/figure>\n\n\n\n<p>&#x1f525;[EN] This issue celebrates the fifth anniversary of the L\u00fcvo Foundation and invites readers and authors to reflect on consent from feminist, decolonial, and critical perspectives.<\/p>\n\n\n\n<p>&#x1f525;[ES] Este n\u00famero celebra el quinto aniversario de la Fundaci\u00f3n L\u00fcvo e invita a las personas lectoras y autoras a reflexionar sobre el consentimiento desde perspectivas feministas, decoloniales y cr\u00edticas.<\/p>\n\n\n\n<p>&#x1f525;[PO] Esta edi\u00e7\u00e3o festeja os 5 anos de exist\u00eancia da Funda\u00e7\u00e3o L\u00fcvo e convida pessoas, leitoras e autoras, a refletir sobre consentimento em perspectivas feministas, decolonial e cr\u00edticas.<\/p>\n\n\n\n<p>&#x1f525;[FR] Ce num\u00e9ro c\u00e9l\u00e8bre le cinqui\u00e8me anniversaire de la Fondation L\u00fcvo et invite les personnes lectrices et autrices \u00e0 r\u00e9fl\u00e9chir sur le consentement \u00e0 partir de perspectives f\u00e9ministes, d\u00e9coloniales et critiques.<\/p>\n\n\n\n<p>&#x1f525;[IT] Questo numero celebra il quinto anniversario della Fondazione L\u00fcvo e invita lettor* e autor* a riflettere sul consenso attraverso prospettive femministe, decoloniali e critiche.<\/p>\n\n\n\n<p><a href=\"https:\/\/www.calameo.com\/books\/0048130595a815530ebdc\">Edici\u00f3n completa | Full issue<\/a><\/p>\n\n\n\n<hr class=\"wp-block-separator has-alpha-channel-opacity is-style-dots\"\/>\n\n\n\n<figure class=\"wp-block-image size-large\"><img loading=\"lazy\" decoding=\"async\" width=\"1024\" height=\"341\" src=\"https:\/\/fundacionluvo.org\/wp-content\/uploads\/2023\/07\/Portadas-Twitter-1-1024x341.png\" alt=\"\" class=\"wp-image-1665\" srcset=\"https:\/\/fundacionluvo.org\/wp-content\/uploads\/2023\/07\/Portadas-Twitter-1-1024x341.png 1024w, https:\/\/fundacionluvo.org\/wp-content\/uploads\/2023\/07\/Portadas-Twitter-1-300x100.png 300w, https:\/\/fundacionluvo.org\/wp-content\/uploads\/2023\/07\/Portadas-Twitter-1-768x256.png 768w, https:\/\/fundacionluvo.org\/wp-content\/uploads\/2023\/07\/Portadas-Twitter-1-800x267.png 800w, https:\/\/fundacionluvo.org\/wp-content\/uploads\/2023\/07\/Portadas-Twitter-1-1000x333.png 1000w, https:\/\/fundacionluvo.org\/wp-content\/uploads\/2023\/07\/Portadas-Twitter-1.png 1500w\" sizes=\"auto, (max-width: 1024px) 100vw, 1024px\" \/><\/figure>\n\n\n\n<p><a href=\"https:\/\/www.instagram.com\/p\/Ct1JZ1foWLA\/?hl=fr\">Llamado a contribuciones . Call for papers . Chamada para publica\u00e7ao . Appel de textes<\/a><\/p>\n\n\n\n<p>CONSENTIMIENTO ~ CONSENT ~ CONSENTEMENT<\/p>\n\n\n\n<p><strong>[ESP]<\/strong> Nuestro pr\u00f3ximo n\u00famero se centrar\u00e1 en las perspectivas feministas, decoloniales y cr\u00edticas del consentimiento en torno a la sexualidad, los derechos reproductivos, la \u00e9tica biom\u00e9dica, la tecnolog\u00eda, los derechos humanos y los derechos de los pueblos ind\u00edgenas, entre otros.<\/p>\n\n\n\n<p><strong>[ENG]<\/strong> Our next issue will focus on feminist, decolonial, and critical perspectives of consent around sexuality, reproductive rights, biomedical ethics, technology, human rights, Indigenous rights, among others.<\/p>\n\n\n\n<p><strong>[POR] <\/strong>Nossa pr\u00f3xima edi\u00e7\u00e3o se concentrar\u00e1 nas perspectivas feministas, decoloniais e cr\u00edticas sobre o consentimento em rela\u00e7\u00e3o \u00e0 sexualidade, aos direitos reprodutivos, \u00e0 \u00e9tica biom\u00e9dica, \u00e0 tecnologia, aos direitos humanos e aos direitos dos povos ind\u00edgenas, entre outros.<\/p>\n\n\n\n<p><strong>[FRA] <\/strong>Notre prochain num\u00e9ro sera consacr\u00e9 aux perspectives f\u00e9ministes, d\u00e9coloniales et critiques sur le consentement en mati\u00e8re de sexualit\u00e9, de droits reproductifs, d&#8217;\u00e9thique biom\u00e9dicale, de technologie, de droits humains et de droits des peuples autochtones, entre autres.<\/p>\n\n\n\n<p><strong>Fecha . Data . Date<\/strong><br>15.08.2023<\/p>\n\n\n\n<p>Email: <a href=\"mailto:info@fundacionluvo.org\">info@fundacionluvo.org<\/a><\/p>\n\n\n\n<hr class=\"wp-block-separator has-alpha-channel-opacity is-style-dots\"\/>\n\n\n\n<p>&#x1f49b;&#x1f49c;&nbsp;A M O R E S ~ D I S I D E N T E S&nbsp;<\/p>\n\n\n\n<p>[ESP]&nbsp;<strong>AMORES DISIDENTES<\/strong>&nbsp;es un n\u00famero especial dedicado a celebrar el amor, especialmente, los amores que emergen de acciones restaurativas, cr\u00edticas y autocr\u00edticas a partir de nuestras memorias y pr\u00e1cticas corporales y relacionales, con nosotras mismas, nuestros v\u00ednculos afectivos y con nuestro entorno.<\/p>\n\n\n\n<p>[POR]&nbsp;<strong>AMORES DISSIDENTES<\/strong>&nbsp;\u00e9 uma edi\u00e7\u00e3o especial dedicada \u00e0 celebra\u00e7\u00e3o do amor, especialmente os amores que emergem de a\u00e7\u00f5es restaurativas, cr\u00edticas e autocr\u00edticas baseadas em nossas mem\u00f3rias e pr\u00e1ticas corporais e relacionais, com n\u00f3s mesmas, nossos v\u00ednculos afetivos e nosso ambiente.<\/p>\n\n\n\n<p>[ENG]&nbsp;<strong>DISSIDENT LOVE<\/strong>&nbsp;is a special issue dedicated to celebrating love, especially, the loves that emerge from restorative, critical, and self-critical actions based on our memories and embodied and relational practices, with ourselves, in our affective bonds, and with our environment.<\/p>\n\n\n\n<p>[FRA]&nbsp;<strong>AMOURS DISSIDENTS<\/strong>&nbsp;est un num\u00e9ro sp\u00e9cial consacr\u00e9 \u00e0 la c\u00e9l\u00e9bration de l&#8217;amour, en particulier les amours qui \u00e9mergent d&#8217;actions r\u00e9paratrices, critiques et autocritiques bas\u00e9es sur nos m\u00e9moires et pratiques corporelles et relationnelles, avec nous-m\u00eames, par nos liens affectifs et avec notre environnement.<\/p>\n\n\n\n<p>Fabulosa portada por&nbsp;<a href=\"https:\/\/www.instagram.com\/mistr.charlie\/?hl=fr\">@mistr.charlie<\/a>&nbsp;<\/p>\n\n\n\n<p><a href=\"https:\/\/www.calameo.com\/books\/0048130592d88406dbb6d\">REVISTA COMPLETA<\/a><\/p>\n\n\n\n<p class=\"has-text-align-center\"><a href=\"https:\/\/fundacionluvo.org\/publicaciones\/revista-luvo\/\">| <em>Revista L\u00fcvo <\/em>Vol. 9 n\u00b01 &#8211; 2022 | <\/a><\/p>\n\n\n\n<figure class=\"wp-block-image size-large\"><img decoding=\"async\" src=\"https:\/\/fundacionluvo.org\/wp-content\/uploads\/2022\/04\/minimalist-elegant-minimal-travel-twitter-header.png?w=1024\" alt=\"\" class=\"wp-image-1522\"\/><\/figure>\n\n\n\n<p class=\"has-text-align-center\"><a href=\"https:\/\/drive.google.com\/file\/d\/12Oh4eUWh_MUyutfYfuiivjatRPsTauCE\/view?usp=sharing\">Consulta nuestra nueva gu\u00eda para autorxs \u00b0 Consulte nosso novo guia para autorxs \u00b0 Consultez notre nouveau guide pour les auteur-es \u00b0 Read our new guideline for authors \u00b0<\/a><\/p>\n\n\n\n<hr class=\"wp-block-separator has-text-color has-cyan-bluish-gray-color has-alpha-channel-opacity has-cyan-bluish-gray-background-color has-background is-style-dots\"\/>\n\n\n\n<figure class=\"wp-block-image size-large\"><img loading=\"lazy\" decoding=\"async\" width=\"1500\" height=\"500\" src=\"https:\/\/fundacionluvo.org\/wp-content\/uploads\/2021\/10\/white-text-photo-simple-wine-night-party-twitter-header.png?w=1024\" alt=\"\" class=\"wp-image-1395\" srcset=\"https:\/\/fundacionluvo.org\/wp-content\/uploads\/2021\/10\/white-text-photo-simple-wine-night-party-twitter-header.png 1500w, https:\/\/fundacionluvo.org\/wp-content\/uploads\/2021\/10\/white-text-photo-simple-wine-night-party-twitter-header-300x100.png 300w, https:\/\/fundacionluvo.org\/wp-content\/uploads\/2021\/10\/white-text-photo-simple-wine-night-party-twitter-header-1024x341.png 1024w, https:\/\/fundacionluvo.org\/wp-content\/uploads\/2021\/10\/white-text-photo-simple-wine-night-party-twitter-header-768x256.png 768w, https:\/\/fundacionluvo.org\/wp-content\/uploads\/2021\/10\/white-text-photo-simple-wine-night-party-twitter-header-800x267.png 800w, https:\/\/fundacionluvo.org\/wp-content\/uploads\/2021\/10\/white-text-photo-simple-wine-night-party-twitter-header-1000x333.png 1000w\" sizes=\"auto, (max-width: 1500px) 100vw, 1500px\" \/><figcaption class=\"wp-element-caption\"><a href=\"https:\/\/fr.calameo.com\/books\/0048130593c7adc6356ce\">Econom\u00edas Otras | \u00c9conomies autres | Economias outras | Alternatives Economies<\/a><\/figcaption><\/figure>\n\n\n\n<p class=\"has-text-align-justify\">&#x1f7e1; \u00a1Gracias a&nbsp;<a href=\"https:\/\/www.instagram.com\/_juilliart\/\">@_juilliart<\/a>&nbsp;por esta maravillosa portada! ~ El acercamiento a econom\u00edas otras implica necesariamente una cr\u00edtica profunda al capitalismo que afecta directamente a la vida, a nuestras vidas, y que bloquea cualquier intento de re-existencia, reforzando la necropol\u00edtica. Esta edici\u00f3n es una invitaci\u00f3n a imaginar la \u00ab re-existencia \u00bb, feminista y antirracista. A pensar las econom\u00edas otras, aquellas que est\u00e1n emergiendo en las diferentes corpogeograf\u00edas del mundo y re-inventando la vida.<\/p>\n\n\n\n<p class=\"has-text-align-center\">*<\/p>\n\n\n\n<p class=\"has-text-align-justify\">&#x1f7e2; Obrigada a&nbsp;<a href=\"https:\/\/www.instagram.com\/_juilliart\/\">@_juilliart<\/a>&nbsp;por esta maravilhosa capa! ~ A abordagem as economias outras envolveu necessariamente uma cr\u00edtica vociferante ao capitalismo neoliberal, que afeta diretamente a vida, nossas vidas, e que bloqueia qualquer tentativa de re-exist\u00eancia, refor\u00e7ando a necropol\u00edtica. Esta edi\u00e7\u00e3o \u00e9 um convite para imaginar a \u00ab re-exist\u00eancia \u00bb feminista e antiracista. A pensar as economias outras, aquelas que est\u00e3o emergindo nas diferentes corpogeografias do mundo e reinventando a vida.<\/p>\n\n\n\n<p class=\"has-text-align-center\">*<\/p>\n\n\n\n<p class=\"has-text-align-justify\">&#x1f535; Merci \u00e0&nbsp;<a href=\"https:\/\/www.instagram.com\/_juilliart\/\">@_juilliart<\/a>&nbsp;pour cette magnifique couverture! ~ Aborder les \u00e9conomies autres passaient n\u00e9cessairement par une critique vocif\u00e9rante contre le capitalisme n\u00e9olib\u00e9ral qui atteint directement la vie, nos vies, et qui, bloque toute tentative de r\u00e9-existence par son renforcement de la n\u00e9cropolitique. Ce num\u00e9ro, est une invitation \u00e0 imaginer la \u00ab r\u00e9-existence \u00bb, f\u00e9ministe et antiraciste. \u00c0 penser les \u00e9conomies autres, celles qui \u00e9mergent dans les diff\u00e9rentes corpog\u00e9ographies du monde et qui r\u00e9inventent la vie.<\/p>\n\n\n\n<p><\/p>\n\n\n\n<p class=\"has-text-align-left\">&#x1f7e0; Thanks to&nbsp;<a href=\"https:\/\/www.instagram.com\/_juilliart\/\">@_juilliart<\/a>&nbsp;for this powerful cover! ~ The approach to other economies necessarily involved a vociferous critique of neoliberal capitalism, which directly affects life, our lives, and which blocks any attempt to re-existence, reinforcing necropolitics. This issue is an invitation to imagine feminist and anti-racist \u00ab re-existence. To think alternative economies, those that are emerging in the different corpogeographies of the world and re-inventing life.<\/p>\n\n\n\n<p><a href=\"https:\/\/drive.google.com\/file\/d\/1VjqdXjLxBzU-iQDyRkihl65VZs5dkGQ4\/view\">Revista en PDF<\/a> | <a href=\"https:\/\/fr.calameo.com\/books\/0048130593c7adc6356ce\">Revista en l\u00ednea<\/a> <\/p>\n\n\n\n<hr class=\"wp-block-separator has-text-color has-cyan-bluish-gray-color has-alpha-channel-opacity has-cyan-bluish-gray-background-color has-background is-style-dots\"\/>\n\n\n\n<p><a href=\"https:\/\/www.instagram.com\/p\/CP9DzxatLEj\/\">Llamado a contribuciones<br><\/a>Re-existencias | Econom\u00edas Otras<br>\u2022\u2022&#x1f33c; \u2022\u2022<br><a href=\"https:\/\/www.instagram.com\/p\/CPs3-_4NAVb\/\">Call for papers<\/a><br>Re-Existing | Alternative economies<br>\u2022\u2022&#x1f33a;\u2022\u2022<br><a href=\"https:\/\/www.instagram.com\/p\/CP1CnE2NBwr\/\">Chamada para contribui\u00e7\u00f5es<\/a><br>Re-exist\u00eancias | Economias Outras<br>\u2022\u2022&#x1f33b;\u2022\u2022<br><a href=\"https:\/\/www.instagram.com\/p\/CPeJ56zNVyd\/\">Appel \u00e0 contributions<\/a><br>R\u00e9-exister | \u00c9conomies autres<br>\u2022\u2022&#x1f338; \u2022\u2022<\/p>\n\n\n\n<hr class=\"wp-block-separator has-text-color has-cyan-bluish-gray-color has-alpha-channel-opacity has-cyan-bluish-gray-background-color has-background is-style-dots\"\/>\n\n\n\n<figure class=\"wp-block-image size-large\"><img loading=\"lazy\" decoding=\"async\" width=\"1500\" height=\"500\" src=\"https:\/\/fundacionluvo.org\/wp-content\/uploads\/2021\/03\/blue-independence-day-twitter-header.png?w=1024\" alt=\"\" class=\"wp-image-1146\" srcset=\"https:\/\/fundacionluvo.org\/wp-content\/uploads\/2021\/03\/blue-independence-day-twitter-header.png 1500w, https:\/\/fundacionluvo.org\/wp-content\/uploads\/2021\/03\/blue-independence-day-twitter-header-300x100.png 300w, https:\/\/fundacionluvo.org\/wp-content\/uploads\/2021\/03\/blue-independence-day-twitter-header-1024x341.png 1024w, https:\/\/fundacionluvo.org\/wp-content\/uploads\/2021\/03\/blue-independence-day-twitter-header-768x256.png 768w, https:\/\/fundacionluvo.org\/wp-content\/uploads\/2021\/03\/blue-independence-day-twitter-header-800x267.png 800w, https:\/\/fundacionluvo.org\/wp-content\/uploads\/2021\/03\/blue-independence-day-twitter-header-1000x333.png 1000w\" sizes=\"auto, (max-width: 1500px) 100vw, 1500px\" \/><\/figure>\n\n\n\n<p class=\"has-text-align-justify\">&#x1f338;  Con mucha emoci\u00f3n e ilusi\u00f3n les presentamos el Vol. 8 N\u00b0 1 de la Revista L\u00fcvo. En esta ocasi\u00f3n nos sumamos a la conmemoraci\u00f3n del&nbsp;<a href=\"https:\/\/www.instagram.com\/explore\/tags\/8m\/\">#8M<\/a>&nbsp;a trav\u00e9s de reflexiones, cr\u00edticas, narrativas y experiencias entorno a las ecolog\u00edas feministas y las voces que se elevan desde las diferentes corpogeograf\u00edas del mundo para defender la tierra.Agradecimientos a&nbsp;<a href=\"https:\/\/www.instagram.com\/michelle_ejm\/\">@michelle_ejm<\/a>&nbsp;por una bell\u00edsima y poderosa portada que recoge los sentires que sostienen este n\u00famero de la&nbsp;<a href=\"https:\/\/www.instagram.com\/explore\/tags\/revistalu%CC%88vo\/\">#RevistaL\u00fcvo<\/a>.<\/p>\n\n\n\n<p class=\"has-text-align-justify\">&#x1f338;C&#8217;est avec un immense plaisir que nous vous pr\u00e9sentons le vol. 8 n\u00b0 1 de notre Revista L\u00fcvo. Cette fois-ci, nous nous joignons \u00e0 la comm\u00e9moration du&nbsp;<a href=\"https:\/\/www.instagram.com\/explore\/tags\/8m\/\">#8M<\/a>&nbsp;\u00e0 travers des r\u00e9flexions, des critiques, des r\u00e9cits et des exp\u00e9riences autour des \u00e9cologies f\u00e9ministes et des voix qui s&#8217;\u00e9l\u00e8vent des diff\u00e9rentes corpog\u00e9ographies globales pour d\u00e9fendre la terre. Merci \u00e0&nbsp;<a href=\"https:\/\/www.instagram.com\/michelle_ejm\/\">@michelle_ejm<\/a>&nbsp;pour une couverture magnifique et puissante qui capture les sentiments qui sous-tendent ce num\u00e9ro de la&nbsp;<a href=\"https:\/\/www.instagram.com\/explore\/tags\/revistalu%CC%88vo\/\">#RevistaL\u00fcvo<\/a><\/p>\n\n\n\n<p class=\"has-text-align-justify\">&#x1f338;  It is with great excitement and enthusiasm that we present Vol. 8 No. 1 of Revista L\u00fcvo. We join the commemoration of&nbsp;<a href=\"https:\/\/www.instagram.com\/explore\/tags\/8m\/\">#8M<\/a>&nbsp;through reflections, critiques, narratives and experiences around feminist ecologies and the voices that rise from the different global embodied geographies to defend the earth. Thanks to&nbsp;<a href=\"https:\/\/www.instagram.com\/michelle_ejm\/\">@michelle_ejm<\/a>&nbsp;for a beautiful and powerful cover that captures the emotions and feelings that sustain this issue of&nbsp;<a href=\"https:\/\/www.instagram.com\/explore\/tags\/revistalu%CC%88vo\/\">#RevistaL\u00fcvo<\/a>.<\/p>\n\n\n\n<p class=\"has-text-align-justify\">&#x1f338; Com muita emo\u00e7\u00e3o e entusiasmo apresentamos o Vol. 8 No. 1 da Revista L\u00fcvo. Nesta ocasi\u00e3o, nos unimos em comemora\u00e7\u00e3o do&nbsp;<a href=\"https:\/\/www.instagram.com\/explore\/tags\/8m\/\">#8M<\/a>&nbsp;atrav\u00e9s de reflex\u00f5es, cr\u00edticas, narrativas e experi\u00eancias em torno das ecologias feministas e das vozes que se levantam das diferentes corpogeografias do mundo para defender a terra. Obrigada a&nbsp;<a href=\"https:\/\/www.instagram.com\/michelle_ejm\/\">@michelle_ejm<\/a>&nbsp;por essa bela e poderosa imagem que capta os sentimentos que sustentam esta edi\u00e7\u00e3o da&nbsp;<a href=\"https:\/\/www.instagram.com\/explore\/tags\/revistal%C3%BCvo\/\">#RevistaL\u00fcvo<\/a>.<\/p>\n\n\n\n<hr class=\"wp-block-separator has-text-color has-cyan-bluish-gray-color has-alpha-channel-opacity has-cyan-bluish-gray-background-color has-background is-style-dots\"\/>\n\n\n\n<h2 class=\"wp-block-heading has-text-align-center\"><\/h2>\n","protected":false},"excerpt":{"rendered":"<p>La Fundaci\u00f3n L\u00fcvo es una colectiva translocal cuya misi\u00f3n es proponer proyectos feministas&#8230;<\/p>\n","protected":false},"author":2,"featured_media":0,"parent":0,"menu_order":1,"comment_status":"closed","ping_status":"closed","template":"","meta":{"footnotes":""},"class_list":["post-5","page","type-page","status-publish","hentry"],"_links":{"self":[{"href":"https:\/\/fundacionluvo.org\/index.php?rest_route=\/wp\/v2\/pages\/5","targetHints":{"allow":["GET"]}}],"collection":[{"href":"https:\/\/fundacionluvo.org\/index.php?rest_route=\/wp\/v2\/pages"}],"about":[{"href":"https:\/\/fundacionluvo.org\/index.php?rest_route=\/wp\/v2\/types\/page"}],"author":[{"embeddable":true,"href":"https:\/\/fundacionluvo.org\/index.php?rest_route=\/wp\/v2\/users\/2"}],"replies":[{"embeddable":true,"href":"https:\/\/fundacionluvo.org\/index.php?rest_route=%2Fwp%2Fv2%2Fcomments&post=5"}],"version-history":[{"count":11,"href":"https:\/\/fundacionluvo.org\/index.php?rest_route=\/wp\/v2\/pages\/5\/revisions"}],"predecessor-version":[{"id":1729,"href":"https:\/\/fundacionluvo.org\/index.php?rest_route=\/wp\/v2\/pages\/5\/revisions\/1729"}],"wp:attachment":[{"href":"https:\/\/fundacionluvo.org\/index.php?rest_route=%2Fwp%2Fv2%2Fmedia&parent=5"}],"curies":[{"name":"wp","href":"https:\/\/api.w.org\/{rel}","templated":true}]}}